{"id":1583,"date":"2022-01-14T16:45:33","date_gmt":"2022-01-14T21:45:33","guid":{"rendered":"https:\/\/futurosostenible.org\/2022\/?page_id=1583"},"modified":"2022-01-14T17:48:23","modified_gmt":"2022-01-14T22:48:23","slug":"materiales","status":"publish","type":"page","link":"https:\/\/futurosostenible.org\/2022\/materiales\/","title":{"rendered":"Materiales de comunicaci\u00f3n"},"content":{"rendered":"\t\t<div data-elementor-type=\"wp-page\" data-elementor-id=\"1583\" class=\"elementor elementor-1583\" data-elementor-settings=\"[]\">\n\t\t\t\t\t\t\t<div class=\"elementor-section-wrap\">\n\t\t\t\t\t\t\t<section class=\"has_ma_el_bg_slider elementor-section elementor-top-section elementor-element elementor-element-13d596f elementor-section-boxed elementor-section-height-default elementor-section-height-default jltma-glass-effect-no\" data-id=\"13d596f\" data-element_type=\"section\" data-settings=\"{&quot;_ha_eqh_enable&quot;:false}\">\n\t\t\t\t\t\t<div class=\"elementor-container elementor-column-gap-default\">\n\t\t\t\t\t<div class=\"has_ma_el_bg_slider elementor-column elementor-col-100 elementor-top-column elementor-element elementor-element-df451b9 jltma-glass-effect-no\" data-id=\"df451b9\" data-element_type=\"column\">\n\t\t\t<div class=\"elementor-widget-wrap elementor-element-populated\">\n\t\t\t\t\t\t\t\t<div class=\"elementor-element elementor-element-4d91fdb jltma-glass-effect-no elementor-widget elementor-widget-heading\" data-id=\"4d91fdb\" data-element_type=\"widget\" data-widget_type=\"heading.default\">\n\t\t\t\t<div class=\"elementor-widget-container\">\n\t\t\t<style>\/*! elementor - v3.5.3 - 28-12-2021 *\/\n.elementor-heading-title{padding:0;margin:0;line-height:1}.elementor-widget-heading .elementor-heading-title[class*=elementor-size-]>a{color:inherit;font-size:inherit;line-height:inherit}.elementor-widget-heading .elementor-heading-title.elementor-size-small{font-size:15px}.elementor-widget-heading .elementor-heading-title.elementor-size-medium{font-size:19px}.elementor-widget-heading .elementor-heading-title.elementor-size-large{font-size:29px}.elementor-widget-heading .elementor-heading-title.elementor-size-xl{font-size:39px}.elementor-widget-heading .elementor-heading-title.elementor-size-xxl{font-size:59px}<\/style><h2 class=\"elementor-heading-title elementor-size-default\">Dise\u00f1o de materiales de comunicaci\u00f3n para comunidades<\/h2>\t\t<\/div>\n\t\t\t\t<\/div>\n\t\t\t\t<div class=\"elementor-element elementor-element-e6d1bed jltma-glass-effect-no elementor-widget elementor-widget-text-editor\" data-id=\"e6d1bed\" data-element_type=\"widget\" data-widget_type=\"text-editor.default\">\n\t\t\t\t<div class=\"elementor-widget-container\">\n\t\t\t<style>\/*! elementor - v3.5.3 - 28-12-2021 *\/\n.elementor-widget-text-editor.elementor-drop-cap-view-stacked .elementor-drop-cap{background-color:#818a91;color:#fff}.elementor-widget-text-editor.elementor-drop-cap-view-framed .elementor-drop-cap{color:#818a91;border:3px solid;background-color:transparent}.elementor-widget-text-editor:not(.elementor-drop-cap-view-default) .elementor-drop-cap{margin-top:8px}.elementor-widget-text-editor:not(.elementor-drop-cap-view-default) .elementor-drop-cap-letter{width:1em;height:1em}.elementor-widget-text-editor .elementor-drop-cap{float:left;text-align:center;line-height:1;font-size:50px}.elementor-widget-text-editor .elementor-drop-cap-letter{display:inline-block}<\/style>\t\t\t\t<p style=\"text-align: center;\"><strong>Realizamos asesoramiento, diagramaci\u00f3n y dise\u00f1o de materiales de comunicaci\u00f3n para lograr procesos de transformaci\u00f3n hacia el desarrollo sostenible en comunidades, con alto contenido t\u00e9cnico en un lenguaje sencillo y gr\u00e1fico. <\/strong><strong>A continuaci\u00f3n algunos de los trabajos realizados:<\/strong><\/p>\t\t\t\t\t\t<\/div>\n\t\t\t\t<\/div>\n\t\t\t\t\t<\/div>\n\t\t<\/div>\n\t\t\t\t\t\t\t<\/div>\n\t\t<\/section>\n\t\t\t\t<section class=\"has_ma_el_bg_slider elementor-section elementor-top-section elementor-element elementor-element-bb028a5 elementor-section-boxed elementor-section-height-default elementor-section-height-default jltma-glass-effect-no\" data-id=\"bb028a5\" data-element_type=\"section\" data-settings=\"{&quot;_ha_eqh_enable&quot;:false}\">\n\t\t\t\t\t\t<div class=\"elementor-container elementor-column-gap-default\">\n\t\t\t\t\t<div class=\"has_ma_el_bg_slider elementor-column elementor-col-100 elementor-top-column elementor-element elementor-element-9661937 jltma-glass-effect-no\" data-id=\"9661937\" data-element_type=\"column\">\n\t\t\t<div class=\"elementor-widget-wrap elementor-element-populated\">\n\t\t\t\t\t\t\t\t<div class=\"elementor-element elementor-element-296be56 gallery-spacing-custom jltma-glass-effect-no elementor-widget elementor-widget-image-gallery\" data-id=\"296be56\" data-element_type=\"widget\" data-widget_type=\"image-gallery.default\">\n\t\t\t\t<div class=\"elementor-widget-container\">\n\t\t\t<style>\/*! elementor - v3.5.3 - 28-12-2021 *\/\n.elementor-image-gallery .gallery-item{display:inline-block;text-align:center;vertical-align:top;width:100%;max-width:100%;margin:0 auto}.elementor-image-gallery .gallery-item img{margin:0 auto}.elementor-image-gallery .gallery-item .gallery-caption{margin:0}.elementor-image-gallery figure img{display:block}.elementor-image-gallery figure figcaption{width:100%}.gallery-spacing-custom .elementor-image-gallery .gallery-icon{padding:0}@media (min-width:768px){.elementor-image-gallery .gallery-columns-2 .gallery-item{max-width:50%}.elementor-image-gallery .gallery-columns-3 .gallery-item{max-width:33.33%}.elementor-image-gallery .gallery-columns-4 .gallery-item{max-width:25%}.elementor-image-gallery .gallery-columns-5 .gallery-item{max-width:20%}.elementor-image-gallery .gallery-columns-6 .gallery-item{max-width:16.666%}.elementor-image-gallery .gallery-columns-7 .gallery-item{max-width:14.28%}.elementor-image-gallery .gallery-columns-8 .gallery-item{max-width:12.5%}.elementor-image-gallery .gallery-columns-9 .gallery-item{max-width:11.11%}.elementor-image-gallery .gallery-columns-10 .gallery-item{max-width:10%}}@media (min-width:480px) and (max-width:767px){.elementor-image-gallery .gallery.gallery-columns-2 .gallery-item,.elementor-image-gallery .gallery.gallery-columns-3 .gallery-item,.elementor-image-gallery .gallery.gallery-columns-4 .gallery-item,.elementor-image-gallery .gallery.gallery-columns-5 .gallery-item,.elementor-image-gallery .gallery.gallery-columns-6 .gallery-item,.elementor-image-gallery .gallery.gallery-columns-7 .gallery-item,.elementor-image-gallery .gallery.gallery-columns-8 .gallery-item,.elementor-image-gallery .gallery.gallery-columns-9 .gallery-item,.elementor-image-gallery .gallery.gallery-columns-10 .gallery-item{max-width:50%}}@media (max-width:479px){.elementor-image-gallery .gallery.gallery-columns-2 .gallery-item,.elementor-image-gallery .gallery.gallery-columns-3 .gallery-item,.elementor-image-gallery .gallery.gallery-columns-4 .gallery-item,.elementor-image-gallery .gallery.gallery-columns-5 .gallery-item,.elementor-image-gallery .gallery.gallery-columns-6 .gallery-item,.elementor-image-gallery .gallery.gallery-columns-7 .gallery-item,.elementor-image-gallery .gallery.gallery-columns-8 .gallery-item,.elementor-image-gallery .gallery.gallery-columns-9 .gallery-item,.elementor-image-gallery .gallery.gallery-columns-10 .gallery-item{max-width:100%}}<\/style>\t\t<div class=\"elementor-image-gallery\">\n\t\t\t<div id='gallery-1' class='gallery galleryid-1583 gallery-columns-4 gallery-size-tp-image-grid'><figure class='gallery-item'>\n\t\t\t<div class='gallery-icon landscape'>\n\t\t\t\t<a data-elementor-open-lightbox=\"yes\" data-elementor-lightbox-slideshow=\"296be56\" data-elementor-lightbox-title=\"4. Infograf\u00eda Monitoreo de integridad de ducto\" href='https:\/\/futurosostenible.org\/2022\/wp-content\/uploads\/2015\/10\/4.-Infograf\u00eda-Monitoreo-de-integridad-de-ducto.jpg'><img width=\"700\" height=\"499\" src=\"https:\/\/futurosostenible.org\/2022\/wp-content\/uploads\/2015\/10\/4.-Infograf\u00eda-Monitoreo-de-integridad-de-ducto.jpg\" class=\"attachment-tp-image-grid size-tp-image-grid\" alt=\"\" loading=\"lazy\" srcset=\"https:\/\/futurosostenible.org\/2022\/wp-content\/uploads\/2015\/10\/4.-Infograf\u00eda-Monitoreo-de-integridad-de-ducto.jpg 1313w, https:\/\/futurosostenible.org\/2022\/wp-content\/uploads\/2015\/10\/4.-Infograf\u00eda-Monitoreo-de-integridad-de-ducto-300x214.jpg 300w, https:\/\/futurosostenible.org\/2022\/wp-content\/uploads\/2015\/10\/4.-Infograf\u00eda-Monitoreo-de-integridad-de-ducto-768x547.jpg 768w, https:\/\/futurosostenible.org\/2022\/wp-content\/uploads\/2015\/10\/4.-Infograf\u00eda-Monitoreo-de-integridad-de-ducto-1030x734.jpg 1030w, https:\/\/futurosostenible.org\/2022\/wp-content\/uploads\/2015\/10\/4.-Infograf\u00eda-Monitoreo-de-integridad-de-ducto-260x185.jpg 260w, https:\/\/futurosostenible.org\/2022\/wp-content\/uploads\/2015\/10\/4.-Infograf\u00eda-Monitoreo-de-integridad-de-ducto-705x503.jpg 705w, https:\/\/futurosostenible.org\/2022\/wp-content\/uploads\/2015\/10\/4.-Infograf\u00eda-Monitoreo-de-integridad-de-ducto-450x321.jpg 450w\" sizes=\"(max-width: 700px) 100vw, 700px\" \/><\/a>\n\t\t\t<\/div><\/figure><figure class='gallery-item'>\n\t\t\t<div class='gallery-icon landscape'>\n\t\t\t\t<a data-elementor-open-lightbox=\"yes\" data-elementor-lightbox-slideshow=\"296be56\" data-elementor-lightbox-title=\"3. Infograf\u00eda Monitoreo de Suelo\" href='https:\/\/futurosostenible.org\/2022\/wp-content\/uploads\/2015\/10\/3.-Infograf\u00eda-Monitoreo-de-Suelo.jpg'><img width=\"700\" height=\"494\" src=\"https:\/\/futurosostenible.org\/2022\/wp-content\/uploads\/2015\/10\/3.-Infograf\u00eda-Monitoreo-de-Suelo.jpg\" class=\"attachment-tp-image-grid size-tp-image-grid\" alt=\"\" loading=\"lazy\" srcset=\"https:\/\/futurosostenible.org\/2022\/wp-content\/uploads\/2015\/10\/3.-Infograf\u00eda-Monitoreo-de-Suelo.jpg 1318w, https:\/\/futurosostenible.org\/2022\/wp-content\/uploads\/2015\/10\/3.-Infograf\u00eda-Monitoreo-de-Suelo-300x212.jpg 300w, https:\/\/futurosostenible.org\/2022\/wp-content\/uploads\/2015\/10\/3.-Infograf\u00eda-Monitoreo-de-Suelo-768x542.jpg 768w, https:\/\/futurosostenible.org\/2022\/wp-content\/uploads\/2015\/10\/3.-Infograf\u00eda-Monitoreo-de-Suelo-1030x728.jpg 1030w, https:\/\/futurosostenible.org\/2022\/wp-content\/uploads\/2015\/10\/3.-Infograf\u00eda-Monitoreo-de-Suelo-705x498.jpg 705w, https:\/\/futurosostenible.org\/2022\/wp-content\/uploads\/2015\/10\/3.-Infograf\u00eda-Monitoreo-de-Suelo-450x318.jpg 450w\" sizes=\"(max-width: 700px) 100vw, 700px\" \/><\/a>\n\t\t\t<\/div><\/figure><figure class='gallery-item'>\n\t\t\t<div class='gallery-icon landscape'>\n\t\t\t\t<a data-elementor-open-lightbox=\"yes\" data-elementor-lightbox-slideshow=\"296be56\" data-elementor-lightbox-title=\"2. Infograf\u00eda Limpieza derrame de Crudo\" href='https:\/\/futurosostenible.org\/2022\/wp-content\/uploads\/2015\/10\/2.-Infograf\u00eda-Limpieza-derrame-de-Crudo.jpg'><img width=\"700\" height=\"494\" src=\"https:\/\/futurosostenible.org\/2022\/wp-content\/uploads\/2015\/10\/2.-Infograf\u00eda-Limpieza-derrame-de-Crudo.jpg\" class=\"attachment-tp-image-grid size-tp-image-grid\" alt=\"\" loading=\"lazy\" srcset=\"https:\/\/futurosostenible.org\/2022\/wp-content\/uploads\/2015\/10\/2.-Infograf\u00eda-Limpieza-derrame-de-Crudo.jpg 1318w, https:\/\/futurosostenible.org\/2022\/wp-content\/uploads\/2015\/10\/2.-Infograf\u00eda-Limpieza-derrame-de-Crudo-300x212.jpg 300w, https:\/\/futurosostenible.org\/2022\/wp-content\/uploads\/2015\/10\/2.-Infograf\u00eda-Limpieza-derrame-de-Crudo-768x542.jpg 768w, https:\/\/futurosostenible.org\/2022\/wp-content\/uploads\/2015\/10\/2.-Infograf\u00eda-Limpieza-derrame-de-Crudo-1030x728.jpg 1030w, https:\/\/futurosostenible.org\/2022\/wp-content\/uploads\/2015\/10\/2.-Infograf\u00eda-Limpieza-derrame-de-Crudo-705x498.jpg 705w, https:\/\/futurosostenible.org\/2022\/wp-content\/uploads\/2015\/10\/2.-Infograf\u00eda-Limpieza-derrame-de-Crudo-450x318.jpg 450w\" sizes=\"(max-width: 700px) 100vw, 700px\" \/><\/a>\n\t\t\t<\/div><\/figure><figure class='gallery-item'>\n\t\t\t<div class='gallery-icon landscape'>\n\t\t\t\t<a data-elementor-open-lightbox=\"yes\" data-elementor-lightbox-slideshow=\"296be56\" data-elementor-lightbox-title=\"1. Infograf\u00eda Monitoreo de Calidad de Agua\" href='https:\/\/futurosostenible.org\/2022\/wp-content\/uploads\/2015\/10\/1.-Infograf\u00eda-Monitoreo-de-Calidad-de-Agua.jpg'><img width=\"700\" height=\"494\" src=\"https:\/\/futurosostenible.org\/2022\/wp-content\/uploads\/2015\/10\/1.-Infograf\u00eda-Monitoreo-de-Calidad-de-Agua.jpg\" class=\"attachment-tp-image-grid size-tp-image-grid\" alt=\"\" loading=\"lazy\" srcset=\"https:\/\/futurosostenible.org\/2022\/wp-content\/uploads\/2015\/10\/1.-Infograf\u00eda-Monitoreo-de-Calidad-de-Agua.jpg 1318w, https:\/\/futurosostenible.org\/2022\/wp-content\/uploads\/2015\/10\/1.-Infograf\u00eda-Monitoreo-de-Calidad-de-Agua-300x212.jpg 300w, https:\/\/futurosostenible.org\/2022\/wp-content\/uploads\/2015\/10\/1.-Infograf\u00eda-Monitoreo-de-Calidad-de-Agua-768x542.jpg 768w, https:\/\/futurosostenible.org\/2022\/wp-content\/uploads\/2015\/10\/1.-Infograf\u00eda-Monitoreo-de-Calidad-de-Agua-1030x728.jpg 1030w, https:\/\/futurosostenible.org\/2022\/wp-content\/uploads\/2015\/10\/1.-Infograf\u00eda-Monitoreo-de-Calidad-de-Agua-705x498.jpg 705w, https:\/\/futurosostenible.org\/2022\/wp-content\/uploads\/2015\/10\/1.-Infograf\u00eda-Monitoreo-de-Calidad-de-Agua-450x318.jpg 450w\" sizes=\"(max-width: 700px) 100vw, 700px\" \/><\/a>\n\t\t\t<\/div><\/figure><figure class='gallery-item'>\n\t\t\t<div class='gallery-icon landscape'>\n\t\t\t\t<a data-elementor-open-lightbox=\"yes\" data-elementor-lightbox-slideshow=\"296be56\" data-elementor-lightbox-title=\"proch_0003_Capa 2\" href='https:\/\/futurosostenible.org\/2022\/wp-content\/uploads\/2015\/10\/proch_0003_Capa-2.jpg'><img width=\"700\" height=\"496\" src=\"https:\/\/futurosostenible.org\/2022\/wp-content\/uploads\/2015\/10\/proch_0003_Capa-2.jpg\" class=\"attachment-tp-image-grid size-tp-image-grid\" alt=\"\" loading=\"lazy\" srcset=\"https:\/\/futurosostenible.org\/2022\/wp-content\/uploads\/2015\/10\/proch_0003_Capa-2.jpg 1313w, https:\/\/futurosostenible.org\/2022\/wp-content\/uploads\/2015\/10\/proch_0003_Capa-2-300x213.jpg 300w, https:\/\/futurosostenible.org\/2022\/wp-content\/uploads\/2015\/10\/proch_0003_Capa-2-768x545.jpg 768w, https:\/\/futurosostenible.org\/2022\/wp-content\/uploads\/2015\/10\/proch_0003_Capa-2-1030x730.jpg 1030w, https:\/\/futurosostenible.org\/2022\/wp-content\/uploads\/2015\/10\/proch_0003_Capa-2-260x185.jpg 260w, https:\/\/futurosostenible.org\/2022\/wp-content\/uploads\/2015\/10\/proch_0003_Capa-2-705x500.jpg 705w, https:\/\/futurosostenible.org\/2022\/wp-content\/uploads\/2015\/10\/proch_0003_Capa-2-450x319.jpg 450w\" sizes=\"(max-width: 700px) 100vw, 700px\" \/><\/a>\n\t\t\t<\/div><\/figure><figure class='gallery-item'>\n\t\t\t<div class='gallery-icon landscape'>\n\t\t\t\t<a data-elementor-open-lightbox=\"yes\" data-elementor-lightbox-slideshow=\"296be56\" data-elementor-lightbox-title=\"proch_0002_Capa 3\" href='https:\/\/futurosostenible.org\/2022\/wp-content\/uploads\/2015\/10\/proch_0002_Capa-3.jpg'><img width=\"700\" height=\"496\" src=\"https:\/\/futurosostenible.org\/2022\/wp-content\/uploads\/2015\/10\/proch_0002_Capa-3.jpg\" class=\"attachment-tp-image-grid size-tp-image-grid\" alt=\"\" loading=\"lazy\" srcset=\"https:\/\/futurosostenible.org\/2022\/wp-content\/uploads\/2015\/10\/proch_0002_Capa-3.jpg 1313w, https:\/\/futurosostenible.org\/2022\/wp-content\/uploads\/2015\/10\/proch_0002_Capa-3-300x213.jpg 300w, https:\/\/futurosostenible.org\/2022\/wp-content\/uploads\/2015\/10\/proch_0002_Capa-3-768x545.jpg 768w, https:\/\/futurosostenible.org\/2022\/wp-content\/uploads\/2015\/10\/proch_0002_Capa-3-1030x730.jpg 1030w, https:\/\/futurosostenible.org\/2022\/wp-content\/uploads\/2015\/10\/proch_0002_Capa-3-260x185.jpg 260w, https:\/\/futurosostenible.org\/2022\/wp-content\/uploads\/2015\/10\/proch_0002_Capa-3-705x500.jpg 705w, https:\/\/futurosostenible.org\/2022\/wp-content\/uploads\/2015\/10\/proch_0002_Capa-3-450x319.jpg 450w\" sizes=\"(max-width: 700px) 100vw, 700px\" \/><\/a>\n\t\t\t<\/div><\/figure><figure class='gallery-item'>\n\t\t\t<div class='gallery-icon landscape'>\n\t\t\t\t<a data-elementor-open-lightbox=\"yes\" data-elementor-lightbox-slideshow=\"296be56\" data-elementor-lightbox-title=\"proch_0001_Capa 4\" href='https:\/\/futurosostenible.org\/2022\/wp-content\/uploads\/2015\/10\/proch_0001_Capa-4.jpg'><img width=\"700\" height=\"496\" src=\"https:\/\/futurosostenible.org\/2022\/wp-content\/uploads\/2015\/10\/proch_0001_Capa-4.jpg\" class=\"attachment-tp-image-grid size-tp-image-grid\" alt=\"\" loading=\"lazy\" srcset=\"https:\/\/futurosostenible.org\/2022\/wp-content\/uploads\/2015\/10\/proch_0001_Capa-4.jpg 1313w, https:\/\/futurosostenible.org\/2022\/wp-content\/uploads\/2015\/10\/proch_0001_Capa-4-300x213.jpg 300w, https:\/\/futurosostenible.org\/2022\/wp-content\/uploads\/2015\/10\/proch_0001_Capa-4-768x545.jpg 768w, https:\/\/futurosostenible.org\/2022\/wp-content\/uploads\/2015\/10\/proch_0001_Capa-4-1030x730.jpg 1030w, https:\/\/futurosostenible.org\/2022\/wp-content\/uploads\/2015\/10\/proch_0001_Capa-4-260x185.jpg 260w, https:\/\/futurosostenible.org\/2022\/wp-content\/uploads\/2015\/10\/proch_0001_Capa-4-705x500.jpg 705w, https:\/\/futurosostenible.org\/2022\/wp-content\/uploads\/2015\/10\/proch_0001_Capa-4-450x319.jpg 450w\" sizes=\"(max-width: 700px) 100vw, 700px\" \/><\/a>\n\t\t\t<\/div><\/figure><figure class='gallery-item'>\n\t\t\t<div class='gallery-icon landscape'>\n\t\t\t\t<a data-elementor-open-lightbox=\"yes\" data-elementor-lightbox-slideshow=\"296be56\" data-elementor-lightbox-title=\"proch_0000_Capa 5\" href='https:\/\/futurosostenible.org\/2022\/wp-content\/uploads\/2015\/10\/proch_0000_Capa-5.jpg'><img width=\"700\" height=\"496\" src=\"https:\/\/futurosostenible.org\/2022\/wp-content\/uploads\/2015\/10\/proch_0000_Capa-5.jpg\" class=\"attachment-tp-image-grid size-tp-image-grid\" alt=\"\" loading=\"lazy\" srcset=\"https:\/\/futurosostenible.org\/2022\/wp-content\/uploads\/2015\/10\/proch_0000_Capa-5.jpg 1313w, https:\/\/futurosostenible.org\/2022\/wp-content\/uploads\/2015\/10\/proch_0000_Capa-5-300x213.jpg 300w, https:\/\/futurosostenible.org\/2022\/wp-content\/uploads\/2015\/10\/proch_0000_Capa-5-768x545.jpg 768w, https:\/\/futurosostenible.org\/2022\/wp-content\/uploads\/2015\/10\/proch_0000_Capa-5-1030x730.jpg 1030w, https:\/\/futurosostenible.org\/2022\/wp-content\/uploads\/2015\/10\/proch_0000_Capa-5-260x185.jpg 260w, https:\/\/futurosostenible.org\/2022\/wp-content\/uploads\/2015\/10\/proch_0000_Capa-5-705x500.jpg 705w, https:\/\/futurosostenible.org\/2022\/wp-content\/uploads\/2015\/10\/proch_0000_Capa-5-450x319.jpg 450w\" sizes=\"(max-width: 700px) 100vw, 700px\" \/><\/a>\n\t\t\t<\/div><\/figure><figure class='gallery-item'>\n\t\t\t<div class='gallery-icon portrait'>\n\t\t\t\t<a data-elementor-open-lightbox=\"yes\" data-elementor-lightbox-slideshow=\"296be56\" data-elementor-lightbox-title=\"proc_0005_Capa 1\" href='https:\/\/futurosostenible.org\/2022\/wp-content\/uploads\/2015\/10\/proc_0005_Capa-1.jpg'><img width=\"496\" height=\"700\" src=\"https:\/\/futurosostenible.org\/2022\/wp-content\/uploads\/2015\/10\/proc_0005_Capa-1.jpg\" class=\"attachment-tp-image-grid size-tp-image-grid\" alt=\"\" loading=\"lazy\" srcset=\"https:\/\/futurosostenible.org\/2022\/wp-content\/uploads\/2015\/10\/proc_0005_Capa-1.jpg 659w, https:\/\/futurosostenible.org\/2022\/wp-content\/uploads\/2015\/10\/proc_0005_Capa-1-213x300.jpg 213w, https:\/\/futurosostenible.org\/2022\/wp-content\/uploads\/2015\/10\/proc_0005_Capa-1-500x705.jpg 500w, https:\/\/futurosostenible.org\/2022\/wp-content\/uploads\/2015\/10\/proc_0005_Capa-1-450x635.jpg 450w\" sizes=\"(max-width: 496px) 100vw, 496px\" \/><\/a>\n\t\t\t<\/div><\/figure><figure class='gallery-item'>\n\t\t\t<div class='gallery-icon portrait'>\n\t\t\t\t<a data-elementor-open-lightbox=\"yes\" data-elementor-lightbox-slideshow=\"296be56\" data-elementor-lightbox-title=\"proc_0004_Capa 2\" href='https:\/\/futurosostenible.org\/2022\/wp-content\/uploads\/2015\/10\/proc_0004_Capa-2.jpg'><img width=\"496\" height=\"700\" src=\"https:\/\/futurosostenible.org\/2022\/wp-content\/uploads\/2015\/10\/proc_0004_Capa-2.jpg\" class=\"attachment-tp-image-grid size-tp-image-grid\" alt=\"\" loading=\"lazy\" srcset=\"https:\/\/futurosostenible.org\/2022\/wp-content\/uploads\/2015\/10\/proc_0004_Capa-2.jpg 659w, https:\/\/futurosostenible.org\/2022\/wp-content\/uploads\/2015\/10\/proc_0004_Capa-2-213x300.jpg 213w, https:\/\/futurosostenible.org\/2022\/wp-content\/uploads\/2015\/10\/proc_0004_Capa-2-500x705.jpg 500w, https:\/\/futurosostenible.org\/2022\/wp-content\/uploads\/2015\/10\/proc_0004_Capa-2-450x635.jpg 450w\" sizes=\"(max-width: 496px) 100vw, 496px\" \/><\/a>\n\t\t\t<\/div><\/figure><figure class='gallery-item'>\n\t\t\t<div class='gallery-icon portrait'>\n\t\t\t\t<a data-elementor-open-lightbox=\"yes\" data-elementor-lightbox-slideshow=\"296be56\" data-elementor-lightbox-title=\"proc_0002_Capa 4\" href='https:\/\/futurosostenible.org\/2022\/wp-content\/uploads\/2015\/10\/proc_0002_Capa-4.jpg'><img width=\"496\" height=\"700\" src=\"https:\/\/futurosostenible.org\/2022\/wp-content\/uploads\/2015\/10\/proc_0002_Capa-4.jpg\" class=\"attachment-tp-image-grid size-tp-image-grid\" alt=\"\" loading=\"lazy\" srcset=\"https:\/\/futurosostenible.org\/2022\/wp-content\/uploads\/2015\/10\/proc_0002_Capa-4.jpg 659w, https:\/\/futurosostenible.org\/2022\/wp-content\/uploads\/2015\/10\/proc_0002_Capa-4-213x300.jpg 213w, https:\/\/futurosostenible.org\/2022\/wp-content\/uploads\/2015\/10\/proc_0002_Capa-4-500x705.jpg 500w, https:\/\/futurosostenible.org\/2022\/wp-content\/uploads\/2015\/10\/proc_0002_Capa-4-450x635.jpg 450w\" sizes=\"(max-width: 496px) 100vw, 496px\" \/><\/a>\n\t\t\t<\/div><\/figure><figure class='gallery-item'>\n\t\t\t<div class='gallery-icon portrait'>\n\t\t\t\t<a data-elementor-open-lightbox=\"yes\" data-elementor-lightbox-slideshow=\"296be56\" data-elementor-lightbox-title=\"proc_0000_Capa 6\" href='https:\/\/futurosostenible.org\/2022\/wp-content\/uploads\/2015\/10\/proc_0000_Capa-6.jpg'><img width=\"496\" height=\"700\" src=\"https:\/\/futurosostenible.org\/2022\/wp-content\/uploads\/2015\/10\/proc_0000_Capa-6.jpg\" class=\"attachment-tp-image-grid size-tp-image-grid\" alt=\"\" loading=\"lazy\" srcset=\"https:\/\/futurosostenible.org\/2022\/wp-content\/uploads\/2015\/10\/proc_0000_Capa-6.jpg 659w, https:\/\/futurosostenible.org\/2022\/wp-content\/uploads\/2015\/10\/proc_0000_Capa-6-213x300.jpg 213w, https:\/\/futurosostenible.org\/2022\/wp-content\/uploads\/2015\/10\/proc_0000_Capa-6-500x705.jpg 500w, https:\/\/futurosostenible.org\/2022\/wp-content\/uploads\/2015\/10\/proc_0000_Capa-6-450x635.jpg 450w\" sizes=\"(max-width: 496px) 100vw, 496px\" \/><\/a>\n\t\t\t<\/div><\/figure>\n\t\t<\/div>\n\t\t<\/div>\n\t\t\t\t<\/div>\n\t\t\t\t<\/div>\n\t\t\t\t\t<\/div>\n\t\t<\/div>\n\t\t\t\t\t\t\t<\/div>\n\t\t<\/section>\n\t\t\t\t\t\t<\/div>\n\t\t\t\t\t<\/div>\n\t\t","protected":false},"excerpt":{"rendered":"<p>Dise\u00f1o de materiales de comunicaci\u00f3n para comunidades Realizamos asesoramiento, diagramaci\u00f3n y dise\u00f1o de materiales de comunicaci\u00f3n para lograr procesos de transformaci\u00f3n hacia el desarrollo sostenible en comunidades, con alto contenido t\u00e9cnico en un lenguaje sencillo y gr\u00e1fico. A continuaci\u00f3n algunos de los trabajos realizados:<\/p>\n","protected":false},"author":3,"featured_media":0,"parent":0,"menu_order":0,"comment_status":"closed","ping_status":"closed","template":"","meta":{"site-sidebar-layout":"no-sidebar","site-content-layout":"page-builder","ast-main-header-display":"","ast-hfb-above-header-display":"","ast-hfb-below-header-display":"","ast-hfb-mobile-header-display":"","site-post-title":"disabled","ast-breadcrumbs-content":"","ast-featured-img":"disabled","footer-sml-layout":"","theme-transparent-header-meta":"","adv-header-id-meta":"","stick-header-meta":"","header-above-stick-meta":"","header-main-stick-meta":"","header-below-stick-meta":""},"_links":{"self":[{"href":"https:\/\/futurosostenible.org\/2022\/wp-json\/wp\/v2\/pages\/1583"}],"collection":[{"href":"https:\/\/futurosostenible.org\/2022\/wp-json\/wp\/v2\/pages"}],"about":[{"href":"https:\/\/futurosostenible.org\/2022\/wp-json\/wp\/v2\/types\/page"}],"author":[{"embeddable":true,"href":"https:\/\/futurosostenible.org\/2022\/wp-json\/wp\/v2\/users\/3"}],"replies":[{"embeddable":true,"href":"https:\/\/futurosostenible.org\/2022\/wp-json\/wp\/v2\/comments?post=1583"}],"version-history":[{"count":4,"href":"https:\/\/futurosostenible.org\/2022\/wp-json\/wp\/v2\/pages\/1583\/revisions"}],"predecessor-version":[{"id":1592,"href":"https:\/\/futurosostenible.org\/2022\/wp-json\/wp\/v2\/pages\/1583\/revisions\/1592"}],"wp:attachment":[{"href":"https:\/\/futurosostenible.org\/2022\/wp-json\/wp\/v2\/media?parent=1583"}],"curies":[{"name":"wp","href":"https:\/\/api.w.org\/{rel}","templated":true}]}}